{"id":16,"date":"2020-10-27T15:31:46","date_gmt":"2020-10-27T15:31:46","guid":{"rendered":"http:\/\/wd-development.wapixstaging.com\/?page_id=16"},"modified":"2024-11-12T17:48:33","modified_gmt":"2024-11-12T17:48:33","slug":"about-us","status":"publish","type":"page","link":"https:\/\/www.betterbuildertx.org\/es\/about-us\/","title":{"rendered":"Sobre Nosotros"},"content":{"rendered":"<div data-elementor-type=\"wp-page\" data-elementor-id=\"16\" class=\"elementor elementor-16\" data-elementor-post-type=\"page\">\n\t\t\t\t\t\t<section class=\"elementor-section elementor-top-section elementor-element elementor-element-a4449ca elementor-section-height-full elementor-section-boxed elementor-section-height-default elementor-section-items-middle\" data-id=\"a4449ca\" data-element_type=\"section\" data-e-type=\"section\" data-settings=\"{&quot;background_background&quot;:&quot;classic&quot;}\">\n\t\t\t\t\t\t<div class=\"elementor-container elementor-column-gap-default\">\n\t\t\t\t\t<div class=\"elementor-column elementor-col-100 elementor-top-column elementor-element elementor-element-63fd167\" data-id=\"63fd167\" data-element_type=\"column\" data-e-type=\"column\">\n\t\t\t<div class=\"elementor-widget-wrap\">\n\t\t\t\t\t\t\t<\/div>\n\t\t<\/div>\n\t\t\t\t\t<\/div>\n\t\t<\/section>\n\t\t\t\t<section class=\"elementor-section elementor-top-section elementor-element elementor-element-add1021 elementor-section-boxed elementor-section-height-default elementor-section-height-default\" data-id=\"add1021\" data-element_type=\"section\" data-e-type=\"section\">\n\t\t\t\t\t\t<div class=\"elementor-container elementor-column-gap-default\">\n\t\t\t\t\t<div class=\"elementor-column elementor-col-100 elementor-top-column elementor-element elementor-element-8d9ce62\" data-id=\"8d9ce62\" data-element_type=\"column\" data-e-type=\"column\">\n\t\t\t<div class=\"elementor-widget-wrap elementor-element-populated\">\n\t\t\t\t\t\t<div class=\"elementor-element elementor-element-885102c elementor-widget elementor-widget-heading\" data-id=\"885102c\" data-element_type=\"widget\" data-e-type=\"widget\" data-widget_type=\"heading.default\">\n\t\t\t\t<div class=\"elementor-widget-container\">\n\t\t\t\t\t<h1 class=\"elementor-heading-title elementor-size-default\">Mejores Constructores busca crear trabajos de<br>alta calidad y edificios de alta calidad en todo Texas.<\/h1>\t\t\t\t<\/div>\n\t\t\t\t<\/div>\n\t\t\t\t\t<\/div>\n\t\t<\/div>\n\t\t\t\t\t<\/div>\n\t\t<\/section>\n\t\t\t\t<section class=\"elementor-section elementor-top-section elementor-element elementor-element-6cbb747 elementor-section-boxed elementor-section-height-default elementor-section-height-default\" data-id=\"6cbb747\" data-element_type=\"section\" data-e-type=\"section\">\n\t\t\t\t\t\t<div class=\"elementor-container elementor-column-gap-default\">\n\t\t\t\t\t<div class=\"elementor-column elementor-col-66 elementor-top-column elementor-element elementor-element-9fb22ff\" data-id=\"9fb22ff\" data-element_type=\"column\" data-e-type=\"column\">\n\t\t\t<div class=\"elementor-widget-wrap elementor-element-populated\">\n\t\t\t\t\t\t<div class=\"elementor-element elementor-element-119251c elementor-widget elementor-widget-text-editor\" data-id=\"119251c\" data-element_type=\"widget\" data-e-type=\"widget\" data-widget_type=\"text-editor.default\">\n\t\t\t\t<div class=\"elementor-widget-container\">\n\t\t\t\t\t\t\t\t\t<p><span style=\"font-size: 18px;\">Durante m\u00e1s de una d\u00e9cada, a trav\u00e9s del compromiso de desarrolladores y oficiales elegidos en todo Texas, el Programa Mejores Constructores mejora las condiciones en la industria de la construcci\u00f3n. A trav\u00e9s del cambio de pol\u00edtica y la educaci\u00f3n comunitaria, el programa Mejores Constructores busca mejorar las condiciones en la industria de la construcci\u00f3n de Texas al avanzar los siguientes est\u00e1ndares en el lugar de trabajo: salarios dignos,entrenamiento en seguridad de OSHA, cobertura de compensaci\u00f3n para trabajadores, objetivos de contrataci\u00f3n local y monitoreo independiente de un partido tercero. <\/span>A trav\u00e9s del cambio de pol\u00edtica y la educaci\u00f3n comunitaria, el programa Mejores Constructores busca mejorar las condiciones en la industria de la construcci\u00f3n de Texas al avanzar los siguientes est\u00e1ndares en el lugar de trabajo: salarios dignos, entrenamiento en seguridad de OSHA, cobertura de compensaci\u00f3n para trabajadores, metas de contrataci\u00f3n local y monitoreo independiente de un partido tercero.\u00a0<\/p><p><strong>Workers Defense Project worked with local construction workers to get their recommendations on common sense workplace standards that would greatly increase their safety on the job and improve their ability to provide for their families and continue in the construction career. Those conversations led to the creation of the Better Builder\u00ae Program.\u00a0<\/strong><\/p>\t\t\t\t\t\t\t\t<\/div>\n\t\t\t\t<\/div>\n\t\t\t\t<div class=\"elementor-element elementor-element-76be180 elementor-widget elementor-widget-button\" data-id=\"76be180\" data-element_type=\"widget\" data-e-type=\"widget\" data-widget_type=\"button.default\">\n\t\t\t\t<div class=\"elementor-widget-container\">\n\t\t\t\t\t\t\t\t\t<div class=\"elementor-button-wrapper\">\n\t\t\t\t\t<a class=\"elementor-button elementor-button-link elementor-size-md elementor-animation-grow\" href=\"https:\/\/www.betterbuildertx.org\/en\/our-standards\/\">\n\t\t\t\t\t\t<span class=\"elementor-button-content-wrapper\">\n\t\t\t\t\t\t\t\t\t<span class=\"elementor-button-text\">Los Est\u00e1ndares Mejores Constructores<\/span>\n\t\t\t\t\t<\/span>\n\t\t\t\t\t<\/a>\n\t\t\t\t<\/div>\n\t\t\t\t\t\t\t\t<\/div>\n\t\t\t\t<\/div>\n\t\t\t\t\t<\/div>\n\t\t<\/div>\n\t\t\t\t<div class=\"elementor-column elementor-col-33 elementor-top-column elementor-element elementor-element-322ceb8\" data-id=\"322ceb8\" data-element_type=\"column\" data-e-type=\"column\">\n\t\t\t<div class=\"elementor-widget-wrap elementor-element-populated\">\n\t\t\t\t\t\t<div class=\"elementor-element elementor-element-f985c2a elementor-widget elementor-widget-image\" data-id=\"f985c2a\" data-element_type=\"widget\" data-e-type=\"widget\" data-widget_type=\"image.default\">\n\t\t\t\t<div class=\"elementor-widget-container\">\n\t\t\t\t\t\t\t\t\t\t\t\t\t\t\t<img fetchpriority=\"high\" decoding=\"async\" width=\"1024\" height=\"648\" src=\"https:\/\/www.betterbuildertx.org\/wp-content\/uploads\/2022\/03\/BB-Assets_logo_black-1024x648.jpg\" class=\"attachment-large size-large wp-image-1715\" alt=\"\" srcset=\"https:\/\/www.betterbuildertx.org\/wp-content\/uploads\/2022\/03\/BB-Assets_logo_black-1024x648.jpg 1024w, https:\/\/www.betterbuildertx.org\/wp-content\/uploads\/2022\/03\/BB-Assets_logo_black-300x190.jpg 300w, https:\/\/www.betterbuildertx.org\/wp-content\/uploads\/2022\/03\/BB-Assets_logo_black-768x486.jpg 768w, https:\/\/www.betterbuildertx.org\/wp-content\/uploads\/2022\/03\/BB-Assets_logo_black-1536x972.jpg 1536w, https:\/\/www.betterbuildertx.org\/wp-content\/uploads\/2022\/03\/BB-Assets_logo_black-16x10.jpg 16w, https:\/\/www.betterbuildertx.org\/wp-content\/uploads\/2022\/03\/BB-Assets_logo_black.jpg 2029w\" sizes=\"(max-width: 1024px) 100vw, 1024px\" \/>\t\t\t\t\t\t\t\t\t\t\t\t\t\t\t<\/div>\n\t\t\t\t<\/div>\n\t\t\t\t\t<\/div>\n\t\t<\/div>\n\t\t\t\t\t<\/div>\n\t\t<\/section>\n\t\t\t\t<section class=\"elementor-section elementor-top-section elementor-element elementor-element-a507687 elementor-section-boxed elementor-section-height-default elementor-section-height-default\" data-id=\"a507687\" data-element_type=\"section\" data-e-type=\"section\">\n\t\t\t\t\t\t<div class=\"elementor-container elementor-column-gap-default\">\n\t\t\t\t\t<div class=\"elementor-column elementor-col-100 elementor-top-column elementor-element elementor-element-a7ae211\" data-id=\"a7ae211\" data-element_type=\"column\" data-e-type=\"column\">\n\t\t\t<div class=\"elementor-widget-wrap elementor-element-populated\">\n\t\t\t\t\t\t<div class=\"elementor-element elementor-element-47646da elementor-widget elementor-widget-heading\" data-id=\"47646da\" data-element_type=\"widget\" data-e-type=\"widget\" data-widget_type=\"heading.default\">\n\t\t\t\t<div class=\"elementor-widget-container\">\n\t\t\t\t\t<h2 class=\"elementor-heading-title elementor-size-default\">Construction workers in Texas build our state but face deadly working conditions. Protections remain out of reach for a significant portion of the state's workforce. <\/h2>\t\t\t\t<\/div>\n\t\t\t\t<\/div>\n\t\t\t\t\t<\/div>\n\t\t<\/div>\n\t\t\t\t\t<\/div>\n\t\t<\/section>\n\t\t\t\t<section class=\"elementor-section elementor-top-section elementor-element elementor-element-cbbbe35 elementor-section-boxed elementor-section-height-default elementor-section-height-default\" data-id=\"cbbbe35\" data-element_type=\"section\" data-e-type=\"section\" data-settings=\"{&quot;background_background&quot;:&quot;classic&quot;}\">\n\t\t\t\t\t\t\t<div class=\"elementor-background-overlay\"><\/div>\n\t\t\t\t\t\t\t<div class=\"elementor-container elementor-column-gap-default\">\n\t\t\t\t\t<div class=\"elementor-column elementor-col-100 elementor-top-column elementor-element elementor-element-7a87cec\" data-id=\"7a87cec\" data-element_type=\"column\" data-e-type=\"column\">\n\t\t\t<div class=\"elementor-widget-wrap elementor-element-populated\">\n\t\t\t\t\t\t<section class=\"elementor-section elementor-inner-section elementor-element elementor-element-1da6e7d elementor-section-boxed elementor-section-height-default elementor-section-height-default\" data-id=\"1da6e7d\" data-element_type=\"section\" data-e-type=\"section\">\n\t\t\t\t\t\t<div class=\"elementor-container elementor-column-gap-default\">\n\t\t\t\t\t<div class=\"elementor-column elementor-col-33 elementor-inner-column elementor-element elementor-element-de11514 elementor-invisible\" data-id=\"de11514\" data-element_type=\"column\" data-e-type=\"column\" data-settings=\"{&quot;animation&quot;:&quot;fadeInLeft&quot;,&quot;animation_delay&quot;:400}\">\n\t\t\t<div class=\"elementor-widget-wrap elementor-element-populated\">\n\t\t\t\t\t\t<div class=\"elementor-element elementor-element-a52ceaf elementor-view-stacked elementor-shape-circle elementor-widget elementor-widget-icon\" data-id=\"a52ceaf\" data-element_type=\"widget\" data-e-type=\"widget\" data-widget_type=\"icon.default\">\n\t\t\t\t<div class=\"elementor-widget-container\">\n\t\t\t\t\t\t\t<div class=\"elementor-icon-wrapper\">\n\t\t\t<div class=\"elementor-icon\">\n\t\t\t<i aria-hidden=\"true\" class=\"fas fa-chart-bar\"><\/i>\t\t\t<\/div>\n\t\t<\/div>\n\t\t\t\t\t\t<\/div>\n\t\t\t\t<\/div>\n\t\t\t\t<div class=\"elementor-element elementor-element-9987455 elementor-widget elementor-widget-text-editor\" data-id=\"9987455\" data-element_type=\"widget\" data-e-type=\"widget\" data-widget_type=\"text-editor.default\">\n\t\t\t\t<div class=\"elementor-widget-container\">\n\t\t\t\t\t\t\t\t\t<p><span style=\"color: #ff0000;\"><b>Lack of safety training. Texas remains the deadliest construction industry in the country where a worker dies every 3 days. 60% of Texas construction workers report not having safety training.\u00a0<\/b><\/span><\/p>\t\t\t\t\t\t\t\t<\/div>\n\t\t\t\t<\/div>\n\t\t\t\t\t<\/div>\n\t\t<\/div>\n\t\t\t\t<div class=\"elementor-column elementor-col-33 elementor-inner-column elementor-element elementor-element-c1bb0c8 animated-fast elementor-invisible\" data-id=\"c1bb0c8\" data-element_type=\"column\" data-e-type=\"column\" data-settings=\"{&quot;animation&quot;:&quot;fadeInLeft&quot;,&quot;animation_delay&quot;:200}\">\n\t\t\t<div class=\"elementor-widget-wrap elementor-element-populated\">\n\t\t\t\t\t\t<div class=\"elementor-element elementor-element-3f19282 elementor-view-stacked elementor-shape-circle elementor-widget elementor-widget-icon\" data-id=\"3f19282\" data-element_type=\"widget\" data-e-type=\"widget\" data-widget_type=\"icon.default\">\n\t\t\t\t<div class=\"elementor-widget-container\">\n\t\t\t\t\t\t\t<div class=\"elementor-icon-wrapper\">\n\t\t\t<div class=\"elementor-icon\">\n\t\t\t<i aria-hidden=\"true\" class=\"fas fa-fist-raised\"><\/i>\t\t\t<\/div>\n\t\t<\/div>\n\t\t\t\t\t\t<\/div>\n\t\t\t\t<\/div>\n\t\t\t\t<div class=\"elementor-element elementor-element-c95f155 elementor-widget elementor-widget-text-editor\" data-id=\"c95f155\" data-element_type=\"widget\" data-e-type=\"widget\" data-widget_type=\"text-editor.default\">\n\t\t\t\t<div class=\"elementor-widget-container\">\n\t\t\t\t\t\t\t\t\t<p><span style=\"color: #ff0000;\"><b>Lack of workers compensation. One in five workers gets seriously injured on the job, requiring medical attention. Yet, only 40% of workers report that they have workers compensation.<\/b><\/span><\/p>\t\t\t\t\t\t\t\t<\/div>\n\t\t\t\t<\/div>\n\t\t\t\t\t<\/div>\n\t\t<\/div>\n\t\t\t\t<div class=\"elementor-column elementor-col-33 elementor-inner-column elementor-element elementor-element-b4888f8 animated-fast elementor-invisible\" data-id=\"b4888f8\" data-element_type=\"column\" data-e-type=\"column\" data-settings=\"{&quot;animation&quot;:&quot;fadeInLeft&quot;}\">\n\t\t\t<div class=\"elementor-widget-wrap elementor-element-populated\">\n\t\t\t\t\t\t<div class=\"elementor-element elementor-element-49802c7 elementor-view-stacked elementor-shape-circle elementor-widget elementor-widget-icon\" data-id=\"49802c7\" data-element_type=\"widget\" data-e-type=\"widget\" data-widget_type=\"icon.default\">\n\t\t\t\t<div class=\"elementor-widget-container\">\n\t\t\t\t\t\t\t<div class=\"elementor-icon-wrapper\">\n\t\t\t<div class=\"elementor-icon\">\n\t\t\t<i aria-hidden=\"true\" class=\"fas fa-hard-hat\"><\/i>\t\t\t<\/div>\n\t\t<\/div>\n\t\t\t\t\t\t<\/div>\n\t\t\t\t<\/div>\n\t\t\t\t<div class=\"elementor-element elementor-element-ca7cd06 elementor-widget elementor-widget-text-editor\" data-id=\"ca7cd06\" data-element_type=\"widget\" data-e-type=\"widget\" data-widget_type=\"text-editor.default\">\n\t\t\t\t<div class=\"elementor-widget-container\">\n\t\t\t\t\t\t\t\t\t<p><span style=\"color: #ff0000;\"><b>Workers are denied rest breaks. Texas workers frequently labor in deadly heat without access to rest breaks and drinking water, putting them at greater risk for accidents. Forty-one percent of workers report they don\u2019t receive rest breaks.\u00a0<\/b><\/span><\/p>\t\t\t\t\t\t\t\t<\/div>\n\t\t\t\t<\/div>\n\t\t\t\t\t<\/div>\n\t\t<\/div>\n\t\t\t\t\t<\/div>\n\t\t<\/section>\n\t\t\t\t\t<\/div>\n\t\t<\/div>\n\t\t\t\t\t<\/div>\n\t\t<\/section>\n\t\t\t\t<section class=\"elementor-section elementor-top-section elementor-element elementor-element-7ad152a elementor-section-boxed elementor-section-height-default elementor-section-height-default\" data-id=\"7ad152a\" data-element_type=\"section\" data-e-type=\"section\">\n\t\t\t\t\t\t<div class=\"elementor-container elementor-column-gap-default\">\n\t\t\t\t\t<div class=\"elementor-column elementor-col-100 elementor-top-column elementor-element elementor-element-31d84f2\" data-id=\"31d84f2\" data-element_type=\"column\" data-e-type=\"column\">\n\t\t\t<div class=\"elementor-widget-wrap elementor-element-populated\">\n\t\t\t\t\t\t<div class=\"elementor-element elementor-element-2cadf88 elementor-widget-divider--view-line elementor-widget elementor-widget-divider\" data-id=\"2cadf88\" data-element_type=\"widget\" data-e-type=\"widget\" data-widget_type=\"divider.default\">\n\t\t\t\t<div class=\"elementor-widget-container\">\n\t\t\t\t\t\t\t<div class=\"elementor-divider\">\n\t\t\t<span class=\"elementor-divider-separator\">\n\t\t\t\t\t\t<\/span>\n\t\t<\/div>\n\t\t\t\t\t\t<\/div>\n\t\t\t\t<\/div>\n\t\t\t\t\t<\/div>\n\t\t<\/div>\n\t\t\t\t\t<\/div>\n\t\t<\/section>\n\t\t\t\t<\/div>","protected":false},"excerpt":{"rendered":"<p>Better Builder\u00ae seeks to create high-quality jobs andhigh-quality buildings throughout Texas. For over a decade, through the commitment of developers and elected officials across Texas, the Better Builder\u00ae Program improves conditions in the construction industry. Through policy change and community education, the Better Builder\u00ae Program seeks to improve conditions in the Texas construction industry by [&hellip;]<\/p>\n","protected":false},"author":2,"featured_media":0,"parent":0,"menu_order":0,"comment_status":"closed","ping_status":"closed","template":"","meta":{"site-sidebar-layout":"no-sidebar","site-content-layout":"page-builder","ast-site-content-layout":"default","site-content-style":"default","site-sidebar-style":"default","ast-global-header-display":"","ast-banner-title-visibility":"","ast-main-header-display":"","ast-hfb-above-header-display":"","ast-hfb-below-header-display":"","ast-hfb-mobile-header-display":"","site-post-title":"disabled","ast-breadcrumbs-content":"","ast-featured-img":"disabled","footer-sml-layout":"","ast-disable-related-posts":"","theme-transparent-header-meta":"default","adv-header-id-meta":"","stick-header-meta":"","header-above-stick-meta":"","header-main-stick-meta":"","header-below-stick-meta":"","astra-migrate-meta-layouts":"default","ast-page-background-enabled":"default","ast-page-background-meta":{"desktop":{"background-color":"","background-image":"","background-repeat":"repeat","background-position":"center center","background-size":"auto","background-attachment":"scroll","background-type":"","background-media":"","overlay-type":"","overlay-color":"","overlay-opacity":"","overlay-gradient":""},"tablet":{"background-color":"","background-image":"","background-repeat":"repeat","background-position":"center center","background-size":"auto","background-attachment":"scroll","background-type":"","background-media":"","overlay-type":"","overlay-color":"","overlay-opacity":"","overlay-gradient":""},"mobile":{"background-color":"","background-image":"","background-repeat":"repeat","background-position":"center center","background-size":"auto","background-attachment":"scroll","background-type":"","background-media":"","overlay-type":"","overlay-color":"","overlay-opacity":"","overlay-gradient":""}},"ast-content-background-meta":{"desktop":{"background-color":"var(--ast-global-color-5)","background-image":"","background-repeat":"repeat","background-position":"center center","background-size":"auto","background-attachment":"scroll","background-type":"","background-media":"","overlay-type":"","overlay-color":"","overlay-opacity":"","overlay-gradient":""},"tablet":{"background-color":"var(--ast-global-color-5)","background-image":"","background-repeat":"repeat","background-position":"center center","background-size":"auto","background-attachment":"scroll","background-type":"","background-media":"","overlay-type":"","overlay-color":"","overlay-opacity":"","overlay-gradient":""},"mobile":{"background-color":"var(--ast-global-color-5)","background-image":"","background-repeat":"repeat","background-position":"center center","background-size":"auto","background-attachment":"scroll","background-type":"","background-media":"","overlay-type":"","overlay-color":"","overlay-opacity":"","overlay-gradient":""}},"footnotes":""},"class_list":["post-16","page","type-page","status-publish","hentry"],"yoast_head":"<!-- This site is optimized with the Yoast SEO plugin v27.1.1 - https:\/\/yoast.com\/product\/yoast-seo-wordpress\/ -->\n<title>About Us - Better Builder\u00ae<\/title>\n<meta name=\"robots\" content=\"index, follow, max-snippet:-1, max-image-preview:large, max-video-preview:-1\" \/>\n<link rel=\"canonical\" href=\"https:\/\/www.betterbuildertx.org\/es\/about-us\/\" \/>\n<meta property=\"og:locale\" content=\"es_MX\" \/>\n<meta property=\"og:type\" content=\"article\" \/>\n<meta property=\"og:title\" content=\"About Us - Better Builder\u00ae\" \/>\n<meta property=\"og:description\" content=\"Better Builder\u00ae seeks to create high-quality jobs andhigh-quality buildings throughout Texas. For over a decade, through the commitment of developers and elected officials across Texas, the Better Builder\u00ae Program improves conditions in the construction industry. Through policy change and community education, the Better Builder\u00ae Program seeks to improve conditions in the Texas construction industry by [&hellip;]\" \/>\n<meta property=\"og:url\" content=\"https:\/\/www.betterbuildertx.org\/es\/about-us\/\" \/>\n<meta property=\"og:site_name\" content=\"Better Builder\u00ae\" \/>\n<meta property=\"article:modified_time\" content=\"2024-11-12T17:48:33+00:00\" \/>\n<meta property=\"og:image\" content=\"https:\/\/www.betterbuildertx.org\/wp-content\/uploads\/2022\/03\/BB-Assets_logo_black-1024x648.jpg\" \/>\n<meta name=\"twitter:card\" content=\"summary_large_image\" \/>\n<meta name=\"twitter:label1\" content=\"Tiempo de lectura\" \/>\n\t<meta name=\"twitter:data1\" content=\"2 minutos\" \/>\n<script type=\"application\/ld+json\" class=\"yoast-schema-graph\">{\"@context\":\"https:\/\/schema.org\",\"@graph\":[{\"@type\":\"WebPage\",\"@id\":\"https:\/\/www.betterbuildertx.org\/about-us\/\",\"url\":\"https:\/\/www.betterbuildertx.org\/about-us\/\",\"name\":\"About Us - Better Builder\u00ae\",\"isPartOf\":{\"@id\":\"https:\/\/www.betterbuildertx.org\/en\/#website\"},\"primaryImageOfPage\":{\"@id\":\"https:\/\/www.betterbuildertx.org\/about-us\/#primaryimage\"},\"image\":{\"@id\":\"https:\/\/www.betterbuildertx.org\/about-us\/#primaryimage\"},\"thumbnailUrl\":\"https:\/\/www.betterbuildertx.org\/wp-content\/uploads\/2022\/03\/BB-Assets_logo_black-1024x648.jpg\",\"datePublished\":\"2020-10-27T15:31:46+00:00\",\"dateModified\":\"2024-11-12T17:48:33+00:00\",\"inLanguage\":\"es\",\"potentialAction\":[{\"@type\":\"ReadAction\",\"target\":[\"https:\/\/www.betterbuildertx.org\/about-us\/\"]}]},{\"@type\":\"ImageObject\",\"inLanguage\":\"es\",\"@id\":\"https:\/\/www.betterbuildertx.org\/about-us\/#primaryimage\",\"url\":\"https:\/\/www.betterbuildertx.org\/wp-content\/uploads\/2022\/03\/BB-Assets_logo_black-1024x648.jpg\",\"contentUrl\":\"https:\/\/www.betterbuildertx.org\/wp-content\/uploads\/2022\/03\/BB-Assets_logo_black-1024x648.jpg\"},{\"@type\":\"WebSite\",\"@id\":\"https:\/\/www.betterbuildertx.org\/en\/#website\",\"url\":\"https:\/\/www.betterbuildertx.org\/en\/\",\"name\":\"Better Builder\u00ae\",\"description\":\"Better Builder\u00ae\",\"publisher\":{\"@id\":\"https:\/\/www.betterbuildertx.org\/en\/#organization\"},\"potentialAction\":[{\"@type\":\"SearchAction\",\"target\":{\"@type\":\"EntryPoint\",\"urlTemplate\":\"https:\/\/www.betterbuildertx.org\/en\/?s={search_term_string}\"},\"query-input\":{\"@type\":\"PropertyValueSpecification\",\"valueRequired\":true,\"valueName\":\"search_term_string\"}}],\"inLanguage\":\"es\"},{\"@type\":\"Organization\",\"@id\":\"https:\/\/www.betterbuildertx.org\/en\/#organization\",\"name\":\"Better Builder\u00ae\",\"url\":\"https:\/\/www.betterbuildertx.org\/en\/\",\"logo\":{\"@type\":\"ImageObject\",\"inLanguage\":\"es\",\"@id\":\"https:\/\/www.betterbuildertx.org\/en\/#\/schema\/logo\/image\/\",\"url\":\"https:\/\/www.betterbuildertx.org\/wp-content\/uploads\/2020\/10\/Better-Builder-Favicon.png\",\"contentUrl\":\"https:\/\/www.betterbuildertx.org\/wp-content\/uploads\/2020\/10\/Better-Builder-Favicon.png\",\"width\":512,\"height\":512,\"caption\":\"Better Builder\u00ae\"},\"image\":{\"@id\":\"https:\/\/www.betterbuildertx.org\/en\/#\/schema\/logo\/image\/\"}}]}<\/script>\n<!-- \/ Yoast SEO plugin. -->","yoast_head_json":{"title":"About Us - Better Builder\u00ae","robots":{"index":"index","follow":"follow","max-snippet":"max-snippet:-1","max-image-preview":"max-image-preview:large","max-video-preview":"max-video-preview:-1"},"canonical":"https:\/\/www.betterbuildertx.org\/es\/about-us\/","og_locale":"es_MX","og_type":"article","og_title":"About Us - Better Builder\u00ae","og_description":"Better Builder\u00ae seeks to create high-quality jobs andhigh-quality buildings throughout Texas. For over a decade, through the commitment of developers and elected officials across Texas, the Better Builder\u00ae Program improves conditions in the construction industry. Through policy change and community education, the Better Builder\u00ae Program seeks to improve conditions in the Texas construction industry by [&hellip;]","og_url":"https:\/\/www.betterbuildertx.org\/es\/about-us\/","og_site_name":"Better Builder\u00ae","article_modified_time":"2024-11-12T17:48:33+00:00","og_image":[{"url":"https:\/\/www.betterbuildertx.org\/wp-content\/uploads\/2022\/03\/BB-Assets_logo_black-1024x648.jpg","type":"","width":"","height":""}],"twitter_card":"summary_large_image","twitter_misc":{"Tiempo de lectura":"2 minutos"},"schema":{"@context":"https:\/\/schema.org","@graph":[{"@type":"WebPage","@id":"https:\/\/www.betterbuildertx.org\/about-us\/","url":"https:\/\/www.betterbuildertx.org\/about-us\/","name":"About Us - Better Builder\u00ae","isPartOf":{"@id":"https:\/\/www.betterbuildertx.org\/en\/#website"},"primaryImageOfPage":{"@id":"https:\/\/www.betterbuildertx.org\/about-us\/#primaryimage"},"image":{"@id":"https:\/\/www.betterbuildertx.org\/about-us\/#primaryimage"},"thumbnailUrl":"https:\/\/www.betterbuildertx.org\/wp-content\/uploads\/2022\/03\/BB-Assets_logo_black-1024x648.jpg","datePublished":"2020-10-27T15:31:46+00:00","dateModified":"2024-11-12T17:48:33+00:00","inLanguage":"es","potentialAction":[{"@type":"ReadAction","target":["https:\/\/www.betterbuildertx.org\/about-us\/"]}]},{"@type":"ImageObject","inLanguage":"es","@id":"https:\/\/www.betterbuildertx.org\/about-us\/#primaryimage","url":"https:\/\/www.betterbuildertx.org\/wp-content\/uploads\/2022\/03\/BB-Assets_logo_black-1024x648.jpg","contentUrl":"https:\/\/www.betterbuildertx.org\/wp-content\/uploads\/2022\/03\/BB-Assets_logo_black-1024x648.jpg"},{"@type":"WebSite","@id":"https:\/\/www.betterbuildertx.org\/en\/#website","url":"https:\/\/www.betterbuildertx.org\/en\/","name":"Better Builder\u00ae","description":"Better Builder\u00ae","publisher":{"@id":"https:\/\/www.betterbuildertx.org\/en\/#organization"},"potentialAction":[{"@type":"SearchAction","target":{"@type":"EntryPoint","urlTemplate":"https:\/\/www.betterbuildertx.org\/en\/?s={search_term_string}"},"query-input":{"@type":"PropertyValueSpecification","valueRequired":true,"valueName":"search_term_string"}}],"inLanguage":"es"},{"@type":"Organization","@id":"https:\/\/www.betterbuildertx.org\/en\/#organization","name":"Better Builder\u00ae","url":"https:\/\/www.betterbuildertx.org\/en\/","logo":{"@type":"ImageObject","inLanguage":"es","@id":"https:\/\/www.betterbuildertx.org\/en\/#\/schema\/logo\/image\/","url":"https:\/\/www.betterbuildertx.org\/wp-content\/uploads\/2020\/10\/Better-Builder-Favicon.png","contentUrl":"https:\/\/www.betterbuildertx.org\/wp-content\/uploads\/2020\/10\/Better-Builder-Favicon.png","width":512,"height":512,"caption":"Better Builder\u00ae"},"image":{"@id":"https:\/\/www.betterbuildertx.org\/en\/#\/schema\/logo\/image\/"}}]}},"_links":{"self":[{"href":"https:\/\/www.betterbuildertx.org\/es\/wp-json\/wp\/v2\/pages\/16","targetHints":{"allow":["GET"]}}],"collection":[{"href":"https:\/\/www.betterbuildertx.org\/es\/wp-json\/wp\/v2\/pages"}],"about":[{"href":"https:\/\/www.betterbuildertx.org\/es\/wp-json\/wp\/v2\/types\/page"}],"author":[{"embeddable":true,"href":"https:\/\/www.betterbuildertx.org\/es\/wp-json\/wp\/v2\/users\/2"}],"replies":[{"embeddable":true,"href":"https:\/\/www.betterbuildertx.org\/es\/wp-json\/wp\/v2\/comments?post=16"}],"version-history":[{"count":91,"href":"https:\/\/www.betterbuildertx.org\/es\/wp-json\/wp\/v2\/pages\/16\/revisions"}],"predecessor-version":[{"id":2172,"href":"https:\/\/www.betterbuildertx.org\/es\/wp-json\/wp\/v2\/pages\/16\/revisions\/2172"}],"wp:attachment":[{"href":"https:\/\/www.betterbuildertx.org\/es\/wp-json\/wp\/v2\/media?parent=16"}],"curies":[{"name":"wp","href":"https:\/\/api.w.org\/{rel}","templated":true}]}}